{"id":522,"date":"2024-11-06T16:07:38","date_gmt":"2024-11-06T15:07:38","guid":{"rendered":"https:\/\/hoteldabrowski.pl\/?page_id=522"},"modified":"2024-11-06T18:26:21","modified_gmt":"2024-11-06T17:26:21","slug":"dostepne-dla-gosci","status":"publish","type":"page","link":"https:\/\/hoteldabrowski.pl\/en\/dostepne-dla-gosci\/","title":{"rendered":"Available for guests"},"content":{"rendered":"","protected":false},"excerpt":{"rendered":"","protected":false},"author":1,"featured_media":0,"parent":0,"menu_order":0,"comment_status":"closed","ping_status":"closed","template":"availability.php","meta":{"_acf_changed":false,"footnotes":""},"class_list":["post-522","page","type-page","status-publish","hentry"],"acf":[],"yoast_head":"<!-- This site is optimized with the Yoast SEO plugin v24.0 - https:\/\/yoast.com\/wordpress\/plugins\/seo\/ -->\n<title>Hotel D\u0105browski - Hotel D\u0105browski - Noclegi O\u015bwi\u0119cim, Imprezy okoliczno\u015bciowe<\/title>\n<meta name=\"description\" content=\"Hotel D\u0105browski - Noclegi O\u015bwi\u0119cim, Imprezy okoliczno\u015bciowe Noclegi w O\u015bwi\u0119cimiu, doskona\u0142a lokalizacja zapewnia sprawny dojazd do atrakcji w okolicy. Szeroki wyb\u00f3r pokoi dla go\u015bci. Organizacja imprez okoliczno\u015bciowych oraz biznesowych.\" \/>\n<meta name=\"robots\" content=\"index, follow, max-snippet:-1, max-image-preview:large, max-video-preview:-1\" \/>\n<link rel=\"canonical\" href=\"https:\/\/hoteldabrowski.pl\/en\/dostepne-dla-gosci\/\" \/>\n<meta property=\"og:locale\" content=\"en_GB\" \/>\n<meta property=\"og:type\" content=\"article\" \/>\n<meta property=\"og:title\" content=\"Hotel D\u0105browski - Hotel D\u0105browski - Noclegi O\u015bwi\u0119cim, Imprezy okoliczno\u015bciowe\" \/>\n<meta property=\"og:description\" content=\"Hotel D\u0105browski - Noclegi O\u015bwi\u0119cim, Imprezy okoliczno\u015bciowe Noclegi w O\u015bwi\u0119cimiu, doskona\u0142a lokalizacja zapewnia sprawny dojazd do atrakcji w okolicy. Szeroki wyb\u00f3r pokoi dla go\u015bci. Organizacja imprez okoliczno\u015bciowych oraz biznesowych.\" \/>\n<meta property=\"og:url\" content=\"https:\/\/hoteldabrowski.pl\/en\/dostepne-dla-gosci\/\" \/>\n<meta property=\"og:site_name\" content=\"Hotel D\u0105browski - Noclegi O\u015bwi\u0119cim, Imprezy okoliczno\u015bciowe\" \/>\n<meta property=\"article:publisher\" content=\"https:\/\/www.facebook.com\/HotelDabrowski\" \/>\n<meta property=\"article:modified_time\" content=\"2024-11-06T17:26:21+00:00\" \/>\n<meta property=\"og:image\" content=\"https:\/\/hoteldabrowski.pl\/wp-content\/uploads\/2024\/10\/logo.png\" \/>\n\t<meta property=\"og:image:width\" content=\"262\" \/>\n\t<meta property=\"og:image:height\" content=\"104\" \/>\n\t<meta property=\"og:image:type\" content=\"image\/png\" \/>\n<meta name=\"twitter:card\" content=\"summary_large_image\" \/>\n<script type=\"application\/ld+json\" class=\"yoast-schema-graph\">{\"@context\":\"https:\/\/schema.org\",\"@graph\":[{\"@type\":\"WebPage\",\"@id\":\"https:\/\/hoteldabrowski.pl\/dostepne-dla-gosci\/\",\"url\":\"https:\/\/hoteldabrowski.pl\/dostepne-dla-gosci\/\",\"name\":\"Hotel D\u0105browski - Hotel D\u0105browski - Noclegi O\u015bwi\u0119cim, Imprezy okoliczno\u015bciowe\",\"isPartOf\":{\"@id\":\"https:\/\/hoteldabrowski.pl\/#website\"},\"datePublished\":\"2024-11-06T15:07:38+00:00\",\"dateModified\":\"2024-11-06T17:26:21+00:00\",\"description\":\"Hotel D\u0105browski - Noclegi O\u015bwi\u0119cim, Imprezy okoliczno\u015bciowe Noclegi w O\u015bwi\u0119cimiu, doskona\u0142a lokalizacja zapewnia sprawny dojazd do atrakcji w okolicy. Szeroki wyb\u00f3r pokoi dla go\u015bci. Organizacja imprez okoliczno\u015bciowych oraz biznesowych.\",\"breadcrumb\":{\"@id\":\"https:\/\/hoteldabrowski.pl\/dostepne-dla-gosci\/#breadcrumb\"},\"inLanguage\":\"en-GB\",\"potentialAction\":[{\"@type\":\"ReadAction\",\"target\":[\"https:\/\/hoteldabrowski.pl\/dostepne-dla-gosci\/\"]}]},{\"@type\":\"BreadcrumbList\",\"@id\":\"https:\/\/hoteldabrowski.pl\/dostepne-dla-gosci\/#breadcrumb\",\"itemListElement\":[{\"@type\":\"ListItem\",\"position\":1,\"name\":\"Strona g\u0142\u00f3wna\",\"item\":\"https:\/\/hoteldabrowski.pl\/\"},{\"@type\":\"ListItem\",\"position\":2,\"name\":\"Dost\u0119pne dla go\u015bci\"}]},{\"@type\":\"WebSite\",\"@id\":\"https:\/\/hoteldabrowski.pl\/#website\",\"url\":\"https:\/\/hoteldabrowski.pl\/\",\"name\":\"Hotel D\u0105browski - Noclegi O\u015bwi\u0119cim, Imprezy okoliczno\u015bciowe\",\"description\":\"\",\"publisher\":{\"@id\":\"https:\/\/hoteldabrowski.pl\/#organization\"},\"alternateName\":\"Noclegi O\u015bwi\u0119cim - Hotel D\u0105browski\",\"potentialAction\":[{\"@type\":\"SearchAction\",\"target\":{\"@type\":\"EntryPoint\",\"urlTemplate\":\"https:\/\/hoteldabrowski.pl\/?s={search_term_string}\"},\"query-input\":{\"@type\":\"PropertyValueSpecification\",\"valueRequired\":true,\"valueName\":\"search_term_string\"}}],\"inLanguage\":\"en-GB\"},{\"@type\":\"Organization\",\"@id\":\"https:\/\/hoteldabrowski.pl\/#organization\",\"name\":\"Hotel D\u0105browski O\u015bwi\u0119cim\",\"url\":\"https:\/\/hoteldabrowski.pl\/\",\"logo\":{\"@type\":\"ImageObject\",\"inLanguage\":\"en-GB\",\"@id\":\"https:\/\/hoteldabrowski.pl\/#\/schema\/logo\/image\/\",\"url\":\"https:\/\/hoteldabrowski.pl\/wp-content\/uploads\/2024\/10\/logo.png\",\"contentUrl\":\"https:\/\/hoteldabrowski.pl\/wp-content\/uploads\/2024\/10\/logo.png\",\"width\":262,\"height\":104,\"caption\":\"Hotel D\u0105browski O\u015bwi\u0119cim\"},\"image\":{\"@id\":\"https:\/\/hoteldabrowski.pl\/#\/schema\/logo\/image\/\"},\"sameAs\":[\"https:\/\/www.facebook.com\/HotelDabrowski\",\"https:\/\/www.instagram.com\/hoteldabrowski\/\"]}]}<\/script>\n<!-- \/ Yoast SEO plugin. -->","yoast_head_json":{"title":"Hotel D\u0105browski - Hotel D\u0105browski - Noclegi O\u015bwi\u0119cim, Imprezy okoliczno\u015bciowe","description":"Hotel D\u0105browski - Noclegi O\u015bwi\u0119cim, Imprezy okoliczno\u015bciowe Noclegi w O\u015bwi\u0119cimiu, doskona\u0142a lokalizacja zapewnia sprawny dojazd do atrakcji w okolicy. Szeroki wyb\u00f3r pokoi dla go\u015bci. Organizacja imprez okoliczno\u015bciowych oraz biznesowych.","robots":{"index":"index","follow":"follow","max-snippet":"max-snippet:-1","max-image-preview":"max-image-preview:large","max-video-preview":"max-video-preview:-1"},"canonical":"https:\/\/hoteldabrowski.pl\/en\/dostepne-dla-gosci\/","og_locale":"en_GB","og_type":"article","og_title":"Hotel D\u0105browski - Hotel D\u0105browski - Noclegi O\u015bwi\u0119cim, Imprezy okoliczno\u015bciowe","og_description":"Hotel D\u0105browski - Noclegi O\u015bwi\u0119cim, Imprezy okoliczno\u015bciowe Noclegi w O\u015bwi\u0119cimiu, doskona\u0142a lokalizacja zapewnia sprawny dojazd do atrakcji w okolicy. Szeroki wyb\u00f3r pokoi dla go\u015bci. Organizacja imprez okoliczno\u015bciowych oraz biznesowych.","og_url":"https:\/\/hoteldabrowski.pl\/en\/dostepne-dla-gosci\/","og_site_name":"Hotel D\u0105browski - Noclegi O\u015bwi\u0119cim, Imprezy okoliczno\u015bciowe","article_publisher":"https:\/\/www.facebook.com\/HotelDabrowski","article_modified_time":"2024-11-06T17:26:21+00:00","og_image":[{"width":262,"height":104,"url":"https:\/\/hoteldabrowski.pl\/wp-content\/uploads\/2024\/10\/logo.png","type":"image\/png"}],"twitter_card":"summary_large_image","schema":{"@context":"https:\/\/schema.org","@graph":[{"@type":"WebPage","@id":"https:\/\/hoteldabrowski.pl\/dostepne-dla-gosci\/","url":"https:\/\/hoteldabrowski.pl\/dostepne-dla-gosci\/","name":"Hotel D\u0105browski - Hotel D\u0105browski - Noclegi O\u015bwi\u0119cim, Imprezy okoliczno\u015bciowe","isPartOf":{"@id":"https:\/\/hoteldabrowski.pl\/#website"},"datePublished":"2024-11-06T15:07:38+00:00","dateModified":"2024-11-06T17:26:21+00:00","description":"Hotel D\u0105browski - Noclegi O\u015bwi\u0119cim, Imprezy okoliczno\u015bciowe Noclegi w O\u015bwi\u0119cimiu, doskona\u0142a lokalizacja zapewnia sprawny dojazd do atrakcji w okolicy. Szeroki wyb\u00f3r pokoi dla go\u015bci. Organizacja imprez okoliczno\u015bciowych oraz biznesowych.","breadcrumb":{"@id":"https:\/\/hoteldabrowski.pl\/dostepne-dla-gosci\/#breadcrumb"},"inLanguage":"en-GB","potentialAction":[{"@type":"ReadAction","target":["https:\/\/hoteldabrowski.pl\/dostepne-dla-gosci\/"]}]},{"@type":"BreadcrumbList","@id":"https:\/\/hoteldabrowski.pl\/dostepne-dla-gosci\/#breadcrumb","itemListElement":[{"@type":"ListItem","position":1,"name":"Strona g\u0142\u00f3wna","item":"https:\/\/hoteldabrowski.pl\/"},{"@type":"ListItem","position":2,"name":"Dost\u0119pne dla go\u015bci"}]},{"@type":"WebSite","@id":"https:\/\/hoteldabrowski.pl\/#website","url":"https:\/\/hoteldabrowski.pl\/","name":"Hotel D\u0105browski - Noclegi O\u015bwi\u0119cim, Imprezy okoliczno\u015bciowe","description":"","publisher":{"@id":"https:\/\/hoteldabrowski.pl\/#organization"},"alternateName":"Noclegi O\u015bwi\u0119cim - Hotel D\u0105browski","potentialAction":[{"@type":"SearchAction","target":{"@type":"EntryPoint","urlTemplate":"https:\/\/hoteldabrowski.pl\/?s={search_term_string}"},"query-input":{"@type":"PropertyValueSpecification","valueRequired":true,"valueName":"search_term_string"}}],"inLanguage":"en-GB"},{"@type":"Organization","@id":"https:\/\/hoteldabrowski.pl\/#organization","name":"Hotel D\u0105browski O\u015bwi\u0119cim","url":"https:\/\/hoteldabrowski.pl\/","logo":{"@type":"ImageObject","inLanguage":"en-GB","@id":"https:\/\/hoteldabrowski.pl\/#\/schema\/logo\/image\/","url":"https:\/\/hoteldabrowski.pl\/wp-content\/uploads\/2024\/10\/logo.png","contentUrl":"https:\/\/hoteldabrowski.pl\/wp-content\/uploads\/2024\/10\/logo.png","width":262,"height":104,"caption":"Hotel D\u0105browski O\u015bwi\u0119cim"},"image":{"@id":"https:\/\/hoteldabrowski.pl\/#\/schema\/logo\/image\/"},"sameAs":["https:\/\/www.facebook.com\/HotelDabrowski","https:\/\/www.instagram.com\/hoteldabrowski\/"]}]}},"_links":{"self":[{"href":"https:\/\/hoteldabrowski.pl\/en\/wp-json\/wp\/v2\/pages\/522","targetHints":{"allow":["GET"]}}],"collection":[{"href":"https:\/\/hoteldabrowski.pl\/en\/wp-json\/wp\/v2\/pages"}],"about":[{"href":"https:\/\/hoteldabrowski.pl\/en\/wp-json\/wp\/v2\/types\/page"}],"author":[{"embeddable":true,"href":"https:\/\/hoteldabrowski.pl\/en\/wp-json\/wp\/v2\/users\/1"}],"replies":[{"embeddable":true,"href":"https:\/\/hoteldabrowski.pl\/en\/wp-json\/wp\/v2\/comments?post=522"}],"version-history":[{"count":2,"href":"https:\/\/hoteldabrowski.pl\/en\/wp-json\/wp\/v2\/pages\/522\/revisions"}],"predecessor-version":[{"id":540,"href":"https:\/\/hoteldabrowski.pl\/en\/wp-json\/wp\/v2\/pages\/522\/revisions\/540"}],"wp:attachment":[{"href":"https:\/\/hoteldabrowski.pl\/en\/wp-json\/wp\/v2\/media?parent=522"}],"curies":[{"name":"wp","href":"https:\/\/api.w.org\/{rel}","templated":true}]}}