{"id":545,"date":"2024-11-06T18:36:27","date_gmt":"2024-11-06T17:36:27","guid":{"rendered":"https:\/\/hoteldabrowski.pl\/?page_id=545"},"modified":"2024-12-16T01:06:08","modified_gmt":"2024-12-16T00:06:08","slug":"regulamin","status":"publish","type":"page","link":"https:\/\/hoteldabrowski.pl\/en\/regulamin\/","title":{"rendered":"Statute"},"content":{"rendered":"<h5><\/h5>\n<p style=\"text-align: center;\"><a href=\"https:\/\/hoteldabrowski.pl\/wp-content\/uploads\/2024\/12\/Regulamin-PL-ANG-Hotel-Dabrowski-na-stroe-internetowa.pdf\">Download full regulations<\/a><\/p>\n<p><\/br><\/p>\n<h5><strong>\u00a71 SUBJECT OF THE REGULATIONS \/ REGULATION<\/strong><\/h5>\n<p><\/br><br \/>\n1.The Regulations define the rules for the provision of services, liability and stay on the premises of the Hotel and are an integral part of the agreement, which is concluded by signing the registration card, as well as by making a reservation or paying an advance or the entire amount due for the stay at the Hotel. By performing the above actions, the Guest confirms that he has read and accepts the terms of the Regulations.<br \/>\nThe Statute defines the rules of service provision, liability and accommodation in the area of the Hotel and it is integral part of the contract concluded by the signing the registration card, as well as by making a reservation and advance payment or full payment for the stay in the Hotel. Guests confirm that they are acquainted with the Statute and accept all conditions.<\/p>\n<p>2. The Regulations apply to all Guests staying on the premises of the Hotel D\u0105browski.<br \/>\nThe regulations are applied to all Guests staying at the Hotel D\u0105browski.<\/p>\n<p>3. The Regulations are available for inspection at the hotel reception.<br \/>\nThe Hotel regulations are available to read at the Reception.<br \/>\n<\/br><\/p>\n<h5><strong>\u00a72 HOTEL DAY<\/strong><\/h5>\n<p><\/br><br \/>\n1.Hotel rooms are rented for hotel days.<br \/>\nThe rooms are reserved for a hotel day.<\/p>\n<p>2. The hotel day lasts from 3:00 p.m. to 11:00 a.m. the following day.<br \/>\nHotel day starts at 3 pm and ends at 11:00 am on next day.<\/p>\n<p>3. When a special event with music takes place at the Hotel, the night time silence does not apply.<br \/>\nThe hotel is not obliged to inform guests about the special occasion before check-in.<\/p>\n<p>When an occasional party with music is held in the Hotel, curfew does not apply.<br \/>\nThe hotel is not obliged to inform guests about the occasional party before check-in.<\/p>\n<p>4. The Guest should inform the Reception about the request to extend the hotel day as soon as possible. The hotel may not consider the request to extend the stay in the event of using all the accommodation places (rooms) or in the case of Guests not complying with the applicable regulations.<br \/>\nIf the Guests want to stay longer, they should inform Reception as soon as possible. The Hotel may refuse to extend the stay when it is fully booked or if the Guests do not comply with the rules.<\/p>\n<p>5. The Hotel reserves the right to refuse to extend the Guest&#039;s stay at the Hotel if full payment for the current stay has not been made.<br \/>\nThe Hotel can refuse to extend the Guests&#039; stay at the Hotel when the Guests did not make the full payment for the previous stay.<\/p>\n<p><\/br><\/p>\n<h5><strong>\u00a73 RESERVATION AND CHECK-IN<\/strong><\/h5>\n<p><\/br><br \/>\n1.The basis for checking in a Guest is to present an ID with a photo to the Reception employee and sign the registration card.<br \/>\nThe Guests can be checked in at the Reception on the basis of a document that contains a photograph and after signing the check-in card.<br \/>\n.<\/p>\n<p>2. A hotel guest may not transfer the room to third parties, even if the payment period for the stay has not expired.<br \/>\nOnly Guests with the reservation are allowed to stay in the room and they are not allowed to pass the room to other people, even though the stay they paid for, has not finished yet.<\/p>\n<p>3. Persons not registered at the Hotel may stay in the hotel room as guests from 7:00 a.m. to 10:00 p.m. After 10:00 p.m. a fee for the person&#039;s stay must be paid.<br \/>\nVisitors should leave the Hotel before 10 pm or the Guests would be required to pay for the visitor&#039;s stay at the Hotel<\/p>\n<p>4. The Hotel may refuse to accept a Guest who, during a previous stay, violated the Regulations, caused damage to hotel property or the property of Guests, Hotel employees or other persons staying at the Hotel.<br \/>\nThe Hotel may refuse to accept the Guests who violated the Hotel regulations during their previous stay, or caused damage to the Hotel or other guests&#039; property as well as the Hotel staff or other people residing in the Hotel.<br \/>\n5. If the room reservation is not cancelled by 6:00 p.m. on the day of arrival or if the Guest fails to arrive at the hotel on the scheduled date, the deposit will not be refunded.<br \/>\nThe deposit is not refunded in case of cancellation of the reservation after 6 pm and non-arrival.<\/p>\n<p>6. If the Guest cancels their stay during the hotel day, the Hotel will not refund the fee for that hotel day.<br \/>\nIn case of cancellation during the hotel stay, the Hotel does not refund the payment for the day the cancellation is made.<\/p>\n<p>7. To cancel or change your reservation, please contact the reception by phone +48 33 841-14-82 or in writing to the following e-mail address: recepcja@hoteldabrowski.pl<br \/>\nIn order to cancel or change your reservation, please contact the reception by phone<br \/>\n+48 33 841-14-82 or by writing to the e-mail address: sekreta@hoteldabrowski.pl<\/p>\n<p>8. Cancellation of a reservation is free of charge, except for reservations made via www.booking.com, where this is specified in the regulations or in the case of other\/group reservations covered by the agreement.<br \/>\nCancellation of the reservation is free, except for reservations made by www.booking.com, where it is specified in the regulations or in the case of other \/ group reservations covered by the contract.<br \/>\n<\/br><\/p>\n<h5><strong>\u00a74 SERVICES<\/strong><\/h5>\n<p><\/br><br \/>\n1.The hotel provides services in accordance with its category and standard.<br \/>\nThe Hotel provides services in accordance with its category and standard.<\/p>\n<p>2. In the event of any reservations regarding the quality of services, the Guest is asked to report them immediately to the Reception Desk, which will enable the staff to improve the standard of services provided.<br \/>\nIn case of any objection concerning the services provided by the Hotel, the Reception should be notified about this fact as soon as possible.<\/p>\n<p>3. The hotel is obliged to provide guests with:<br \/>\nThe Hotel is obliged to provide the Guests with:<\/p>\n<p>\u2013 conditions for comfortable and peaceful rest,<br \/>\n\u2013 conditions for comfortable and peaceful relaxation<\/p>\n<p>\u2013 security of stay, including the security of keeping information about the Guest confidential,<br \/>\n\u2013 safe residence, including security of information about the Guests;<\/p>\n<p>\u2013 professional and courteous service in all services provided at the Hotel,<br \/>\n\u2013 professional and polite staff of all hotel services;<\/p>\n<p>\u2013 cleaning the room and making necessary repairs to equipment during the Guest\u2019s absence, and in his presence only if he expresses such a request.<br \/>\n-cleaning the room and repairing the equipment during the absence of the Guests, or in their presence if they wish.<\/p>\n<p>4. Additionally, at the Guest&#039;s request, the Hotel provides the following services free of charge:<br \/>\nIf the Guests wish, the Hotel can provide them with Free Hotel Services, such as:<\/p>\n<p>\u2013 providing information related to your stay and travel,<br \/>\n\u2013 giving information about stays and journey<\/p>\n<p>\u2013 wake up at the set time,<br \/>\n-wake up calls,<\/p>\n<p>\u2013 storing money and valuables in the hotel deposit box during the Guest\u2019s stay at the Hotel, subject to \u00a7 6 section 4 of the Regulations,<br \/>\n\u2013 keeping money and properties in the Hotel&#039;s safe during the stay in accordance with the restrictions stated in the Statute,<\/p>\n<p>\u2013 storing Guest\u2019s luggage,<br \/>\n-safe keeping of the luggage.<\/p>\n<p>\u2013 ordering a taxi.<br \/>\n-call a taxi<\/p>\n<p><\/br><\/p>\n<h5><strong>\u00a75 THE GUESTS&#039; RESPONSIBILITY<\/strong><\/h5>\n<p><\/br><br \/>\n1. Children under 14 years of age should be under the care of an adult on the Hotel premises. Legal guardians are financially liable for any damage caused by the children.<br \/>\nChildren under 14 should be accompanied by an adult person. Adult person is responsible for any damage resulting from the operation of the children in the Hotel.<\/p>\n<p>&nbsp;<\/p>\n<p>2. The hotel guest bears full financial responsibility for any damage or destruction of the hotel&#039;s equipment and technical devices resulting from his fault or the fault of people visiting him.<br \/>\nThe Guest takes the full financial responsibility for any damage of the hotel&#039;s technical equipment and facilities resulting from their fault or their visitors&#039; fault.<\/p>\n<p>3. In the event of a breach of the provisions of the Regulations, the Hotel may refuse to provide services to the person who violates them. Such a person is obliged to immediately comply with the Hotel&#039;s demands, settle the amount due for previous services, pay for any damage and leave the Hotel.<br \/>\nIn case of breaching of the terms and conditions of the Statute, the Hotel may refuse to provide services to the person who violates them. Such person is obliged to promptly respond to the demands of the Hotel, settle the claim for past benefits, pay for any damage and to leave the Hotel.<br \/>\n<\/br><\/p>\n<h5><strong>\u00a76 THE HOTEL&#039;S RESPOSIBILITY<\/strong><\/h5>\n<p><\/br><br \/>\n1. The hotel is not liable for any loss or damage to items brought in by persons using its services.<br \/>\nThe Hotel is not responsible for any loss or damage to properties of people staying at the hotel.<\/p>\n<p>2. The hotel is liable for the loss of or damage to money, securities, valuables or items of scientific or artistic value only if such items have been deposited in the hotel depository for safekeeping.<br \/>\nThe Hotel is responsible for damage to money, documents or properties unless given to the Hotel for safe keeping by the Guests.<\/p>\n<p>3. The hotel reserves the right to refuse to accept valuable items, large sums of money, items that pose a threat to safety and bulky items that cannot be placed in the deposit.<br \/>\nThe Hotel has the right to refuse safe-keeping of items in the safe, such as: valuables, considerable sum of money, dangerous items and properties which are too big to be kept in the safe.<\/p>\n<p>4. The Hotel is not liable for any damage or loss of a car or other vehicle belonging to the Guest, or any items left in it, regardless of whether these vehicles were parked in the hotel car park or outside the hotel premises.<br \/>\nThe Hotel is not responsible for any damage and loss of the car or any kind of vehicle belonging to the Guests as well as items left in the vehicle regardless of leaving them at the hotel parking lot or not.<br \/>\n<\/br><\/p>\n<h5><strong>\u00a77 RETURN OF THE ITEMS LEFT IN THE HOTEL<\/strong><\/h5>\n<p><\/br><br \/>\n1. Personal belongings left in the hotel room by a departing Guest will be sent to the address indicated by the Guest at his\/her expense.<br \/>\nAll the items left by the Guests can be sent to the indicated address at the expense of the Guests.<\/p>\n<p>2. If the Guest does not provide instructions to return the items left behind, the Hotel will store the above items for a period of three months and food items will be stored for 24 hours.<br \/>\nIn case of not receiving the information about sending left items back, the Hotel keeps them for period of three months. Groceries are kept by 24 hours.<br \/>\n<\/br><\/p>\n<h5><strong>\u00a78 NIGHT QUIET\/BED TIME<\/strong><\/h5>\n<p><\/br><br \/>\n1.The hotel has a night time silence from 10pm to 6am.<br \/>\nBed time in the Hotel starts at 10 pm and ends at 6:00 am<br \/>\n<\/br><\/p>\n<h5><strong>\u00a79 COMPLAINTS<\/strong><\/h5>\n<p><\/br><br \/>\n1.Guests have the right to file complaints if they notice any deficiencies in the quality of services provided.<br \/>\nThe Guests have the right to make a complaint if any deficiencies in the quality of service are identified.<\/p>\n<p>2. All complaints are accepted by the Reception.<br \/>\nAll complaints are received at the reception desk.<\/p>\n<p>3. The complaint should be filed immediately after noticing the deficiencies in the standard of services provided. Complaints after the guest&#039;s departure will not be considered.<br \/>\nComplaints should be made as soon as possible when the failure of services provided occurs.<br \/>\nComplaints after guest&#039;s departure will not be accepted.<br \/>\n<\/br><\/p>\n<h5><strong>\u00a710 OTHER<\/strong><\/h5>\n<p><\/br><br \/>\n1. Smoking is strictly prohibited in the Hotel and its immediate vicinity, except in designated areas intended for this purpose.<br \/>\nSmoking is not allowed in the Hotel, except for designated areas outside.<\/p>\n<p>2. The Guest consents to the storage and processing of personal data in accordance with the Personal Data Protection Act (Journal of Laws of 2002, No. 101, item 926, as amended) by Hotel D\u0105browski, and to the Guest&#039;s use of other services provided by the Hotel.<br \/>\nThe Guests are obliged to give consent for their personal data to be processed for the purposes of Hotel D\u0105browski.<\/p>\n<p>3. By accepting the booking conditions, you consent to the processing of personal data for promotional and marketing purposes.<br \/>\nWhen accepting the registration, you consent to the processing of personal data for promotional and marketing purposes.<\/p>\n<p>4. It is prohibited to make excessive noise on the hotel premises, cause unpleasant odours or do other things that disturb, harm or irritate other hotel guests.<br \/>\nIt is not allowed to make an extend noise, cause unpleasant smell and any other kinds of behavior that could disturb or cause damage to the Guests.<\/p>\n<p>5. Guests are not allowed to make any changes to hotel rooms and their equipment, except for minor rearrangements of furniture and equipment that do not affect their functionality and safety of use.<br \/>\nGuests are not allowed to make any changes to hotel rooms or equipment, except for minor changes in furniture and equipment, without compromising their functionality or safety.<\/p>","protected":false},"excerpt":{"rendered":"<p>Download full regulations \u00a71 SUBJECT OF REGULATIONS \/ REGULATION 1.The Regulations define the rules for the provision of services, liability and stay on the premises of the Hotel and are an integral part of the agreement, which is concluded by signing the registration card, as well as by making a reservation or paying an advance or the entire amount due for the stay at the Hotel. By performing the above actions, the Guest confirms that he has read [\u2026]<\/p>","protected":false},"author":1,"featured_media":0,"parent":0,"menu_order":0,"comment_status":"closed","ping_status":"closed","template":"rules.php","meta":{"_acf_changed":false,"footnotes":""},"class_list":["post-545","page","type-page","status-publish","hentry"],"acf":[],"yoast_head":"<!-- This site is optimized with the Yoast SEO plugin v24.0 - https:\/\/yoast.com\/wordpress\/plugins\/seo\/ -->\n<title>Hotel D\u0105browski - Hotel D\u0105browski - Noclegi O\u015bwi\u0119cim, Imprezy okoliczno\u015bciowe<\/title>\n<meta name=\"description\" content=\"Hotel D\u0105browski - Noclegi O\u015bwi\u0119cim, Imprezy okoliczno\u015bciowe Noclegi w O\u015bwi\u0119cimiu, doskona\u0142a lokalizacja zapewnia sprawny dojazd do atrakcji w okolicy. Szeroki wyb\u00f3r pokoi dla go\u015bci. Organizacja imprez okoliczno\u015bciowych oraz biznesowych.\" \/>\n<meta name=\"robots\" content=\"index, follow, max-snippet:-1, max-image-preview:large, max-video-preview:-1\" \/>\n<link rel=\"canonical\" href=\"https:\/\/hoteldabrowski.pl\/en\/regulamin\/\" \/>\n<meta property=\"og:locale\" content=\"en_GB\" \/>\n<meta property=\"og:type\" content=\"article\" \/>\n<meta property=\"og:title\" content=\"Hotel D\u0105browski - Hotel D\u0105browski - Noclegi O\u015bwi\u0119cim, Imprezy okoliczno\u015bciowe\" \/>\n<meta property=\"og:description\" content=\"Hotel D\u0105browski - Noclegi O\u015bwi\u0119cim, Imprezy okoliczno\u015bciowe Noclegi w O\u015bwi\u0119cimiu, doskona\u0142a lokalizacja zapewnia sprawny dojazd do atrakcji w okolicy. Szeroki wyb\u00f3r pokoi dla go\u015bci. Organizacja imprez okoliczno\u015bciowych oraz biznesowych.\" \/>\n<meta property=\"og:url\" content=\"https:\/\/hoteldabrowski.pl\/en\/regulamin\/\" \/>\n<meta property=\"og:site_name\" content=\"Hotel D\u0105browski - Noclegi O\u015bwi\u0119cim, Imprezy okoliczno\u015bciowe\" \/>\n<meta property=\"article:publisher\" content=\"https:\/\/www.facebook.com\/HotelDabrowski\" \/>\n<meta property=\"article:modified_time\" content=\"2024-12-16T00:06:08+00:00\" \/>\n<meta property=\"og:image\" content=\"https:\/\/hoteldabrowski.pl\/wp-content\/uploads\/2024\/10\/logo.png\" \/>\n\t<meta property=\"og:image:width\" content=\"262\" \/>\n\t<meta property=\"og:image:height\" content=\"104\" \/>\n\t<meta property=\"og:image:type\" content=\"image\/png\" \/>\n<meta name=\"twitter:card\" content=\"summary_large_image\" \/>\n<meta name=\"twitter:label1\" content=\"Estimated reading time\" \/>\n\t<meta name=\"twitter:data1\" content=\"12 minutes\" \/>\n<script type=\"application\/ld+json\" class=\"yoast-schema-graph\">{\"@context\":\"https:\/\/schema.org\",\"@graph\":[{\"@type\":\"WebPage\",\"@id\":\"https:\/\/hoteldabrowski.pl\/regulamin\/\",\"url\":\"https:\/\/hoteldabrowski.pl\/regulamin\/\",\"name\":\"Hotel D\u0105browski - Hotel D\u0105browski - Noclegi O\u015bwi\u0119cim, Imprezy okoliczno\u015bciowe\",\"isPartOf\":{\"@id\":\"https:\/\/hoteldabrowski.pl\/#website\"},\"datePublished\":\"2024-11-06T17:36:27+00:00\",\"dateModified\":\"2024-12-16T00:06:08+00:00\",\"description\":\"Hotel D\u0105browski - Noclegi O\u015bwi\u0119cim, Imprezy okoliczno\u015bciowe Noclegi w O\u015bwi\u0119cimiu, doskona\u0142a lokalizacja zapewnia sprawny dojazd do atrakcji w okolicy. Szeroki wyb\u00f3r pokoi dla go\u015bci. Organizacja imprez okoliczno\u015bciowych oraz biznesowych.\",\"breadcrumb\":{\"@id\":\"https:\/\/hoteldabrowski.pl\/regulamin\/#breadcrumb\"},\"inLanguage\":\"en-GB\",\"potentialAction\":[{\"@type\":\"ReadAction\",\"target\":[\"https:\/\/hoteldabrowski.pl\/regulamin\/\"]}]},{\"@type\":\"BreadcrumbList\",\"@id\":\"https:\/\/hoteldabrowski.pl\/regulamin\/#breadcrumb\",\"itemListElement\":[{\"@type\":\"ListItem\",\"position\":1,\"name\":\"Strona g\u0142\u00f3wna\",\"item\":\"https:\/\/hoteldabrowski.pl\/\"},{\"@type\":\"ListItem\",\"position\":2,\"name\":\"Regulamin\"}]},{\"@type\":\"WebSite\",\"@id\":\"https:\/\/hoteldabrowski.pl\/#website\",\"url\":\"https:\/\/hoteldabrowski.pl\/\",\"name\":\"Hotel D\u0105browski - Noclegi O\u015bwi\u0119cim, Imprezy okoliczno\u015bciowe\",\"description\":\"\",\"publisher\":{\"@id\":\"https:\/\/hoteldabrowski.pl\/#organization\"},\"alternateName\":\"Noclegi O\u015bwi\u0119cim - Hotel D\u0105browski\",\"potentialAction\":[{\"@type\":\"SearchAction\",\"target\":{\"@type\":\"EntryPoint\",\"urlTemplate\":\"https:\/\/hoteldabrowski.pl\/?s={search_term_string}\"},\"query-input\":{\"@type\":\"PropertyValueSpecification\",\"valueRequired\":true,\"valueName\":\"search_term_string\"}}],\"inLanguage\":\"en-GB\"},{\"@type\":\"Organization\",\"@id\":\"https:\/\/hoteldabrowski.pl\/#organization\",\"name\":\"Hotel D\u0105browski O\u015bwi\u0119cim\",\"url\":\"https:\/\/hoteldabrowski.pl\/\",\"logo\":{\"@type\":\"ImageObject\",\"inLanguage\":\"en-GB\",\"@id\":\"https:\/\/hoteldabrowski.pl\/#\/schema\/logo\/image\/\",\"url\":\"https:\/\/hoteldabrowski.pl\/wp-content\/uploads\/2024\/10\/logo.png\",\"contentUrl\":\"https:\/\/hoteldabrowski.pl\/wp-content\/uploads\/2024\/10\/logo.png\",\"width\":262,\"height\":104,\"caption\":\"Hotel D\u0105browski O\u015bwi\u0119cim\"},\"image\":{\"@id\":\"https:\/\/hoteldabrowski.pl\/#\/schema\/logo\/image\/\"},\"sameAs\":[\"https:\/\/www.facebook.com\/HotelDabrowski\",\"https:\/\/www.instagram.com\/hoteldabrowski\/\"]}]}<\/script>\n<!-- \/ Yoast SEO plugin. -->","yoast_head_json":{"title":"Hotel D\u0105browski - Hotel D\u0105browski - Noclegi O\u015bwi\u0119cim, Imprezy okoliczno\u015bciowe","description":"Hotel D\u0105browski - Noclegi O\u015bwi\u0119cim, Imprezy okoliczno\u015bciowe Noclegi w O\u015bwi\u0119cimiu, doskona\u0142a lokalizacja zapewnia sprawny dojazd do atrakcji w okolicy. Szeroki wyb\u00f3r pokoi dla go\u015bci. Organizacja imprez okoliczno\u015bciowych oraz biznesowych.","robots":{"index":"index","follow":"follow","max-snippet":"max-snippet:-1","max-image-preview":"max-image-preview:large","max-video-preview":"max-video-preview:-1"},"canonical":"https:\/\/hoteldabrowski.pl\/en\/regulamin\/","og_locale":"en_GB","og_type":"article","og_title":"Hotel D\u0105browski - Hotel D\u0105browski - Noclegi O\u015bwi\u0119cim, Imprezy okoliczno\u015bciowe","og_description":"Hotel D\u0105browski - Noclegi O\u015bwi\u0119cim, Imprezy okoliczno\u015bciowe Noclegi w O\u015bwi\u0119cimiu, doskona\u0142a lokalizacja zapewnia sprawny dojazd do atrakcji w okolicy. Szeroki wyb\u00f3r pokoi dla go\u015bci. Organizacja imprez okoliczno\u015bciowych oraz biznesowych.","og_url":"https:\/\/hoteldabrowski.pl\/en\/regulamin\/","og_site_name":"Hotel D\u0105browski - Noclegi O\u015bwi\u0119cim, Imprezy okoliczno\u015bciowe","article_publisher":"https:\/\/www.facebook.com\/HotelDabrowski","article_modified_time":"2024-12-16T00:06:08+00:00","og_image":[{"width":262,"height":104,"url":"https:\/\/hoteldabrowski.pl\/wp-content\/uploads\/2024\/10\/logo.png","type":"image\/png"}],"twitter_card":"summary_large_image","twitter_misc":{"Estimated reading time":"12 minutes"},"schema":{"@context":"https:\/\/schema.org","@graph":[{"@type":"WebPage","@id":"https:\/\/hoteldabrowski.pl\/regulamin\/","url":"https:\/\/hoteldabrowski.pl\/regulamin\/","name":"Hotel D\u0105browski - Hotel D\u0105browski - Noclegi O\u015bwi\u0119cim, Imprezy okoliczno\u015bciowe","isPartOf":{"@id":"https:\/\/hoteldabrowski.pl\/#website"},"datePublished":"2024-11-06T17:36:27+00:00","dateModified":"2024-12-16T00:06:08+00:00","description":"Hotel D\u0105browski - Noclegi O\u015bwi\u0119cim, Imprezy okoliczno\u015bciowe Noclegi w O\u015bwi\u0119cimiu, doskona\u0142a lokalizacja zapewnia sprawny dojazd do atrakcji w okolicy. Szeroki wyb\u00f3r pokoi dla go\u015bci. Organizacja imprez okoliczno\u015bciowych oraz biznesowych.","breadcrumb":{"@id":"https:\/\/hoteldabrowski.pl\/regulamin\/#breadcrumb"},"inLanguage":"en-GB","potentialAction":[{"@type":"ReadAction","target":["https:\/\/hoteldabrowski.pl\/regulamin\/"]}]},{"@type":"BreadcrumbList","@id":"https:\/\/hoteldabrowski.pl\/regulamin\/#breadcrumb","itemListElement":[{"@type":"ListItem","position":1,"name":"Strona g\u0142\u00f3wna","item":"https:\/\/hoteldabrowski.pl\/"},{"@type":"ListItem","position":2,"name":"Regulamin"}]},{"@type":"WebSite","@id":"https:\/\/hoteldabrowski.pl\/#website","url":"https:\/\/hoteldabrowski.pl\/","name":"Hotel D\u0105browski - Noclegi O\u015bwi\u0119cim, Imprezy okoliczno\u015bciowe","description":"","publisher":{"@id":"https:\/\/hoteldabrowski.pl\/#organization"},"alternateName":"Noclegi O\u015bwi\u0119cim - Hotel D\u0105browski","potentialAction":[{"@type":"SearchAction","target":{"@type":"EntryPoint","urlTemplate":"https:\/\/hoteldabrowski.pl\/?s={search_term_string}"},"query-input":{"@type":"PropertyValueSpecification","valueRequired":true,"valueName":"search_term_string"}}],"inLanguage":"en-GB"},{"@type":"Organization","@id":"https:\/\/hoteldabrowski.pl\/#organization","name":"Hotel D\u0105browski O\u015bwi\u0119cim","url":"https:\/\/hoteldabrowski.pl\/","logo":{"@type":"ImageObject","inLanguage":"en-GB","@id":"https:\/\/hoteldabrowski.pl\/#\/schema\/logo\/image\/","url":"https:\/\/hoteldabrowski.pl\/wp-content\/uploads\/2024\/10\/logo.png","contentUrl":"https:\/\/hoteldabrowski.pl\/wp-content\/uploads\/2024\/10\/logo.png","width":262,"height":104,"caption":"Hotel D\u0105browski O\u015bwi\u0119cim"},"image":{"@id":"https:\/\/hoteldabrowski.pl\/#\/schema\/logo\/image\/"},"sameAs":["https:\/\/www.facebook.com\/HotelDabrowski","https:\/\/www.instagram.com\/hoteldabrowski\/"]}]}},"_links":{"self":[{"href":"https:\/\/hoteldabrowski.pl\/en\/wp-json\/wp\/v2\/pages\/545","targetHints":{"allow":["GET"]}}],"collection":[{"href":"https:\/\/hoteldabrowski.pl\/en\/wp-json\/wp\/v2\/pages"}],"about":[{"href":"https:\/\/hoteldabrowski.pl\/en\/wp-json\/wp\/v2\/types\/page"}],"author":[{"embeddable":true,"href":"https:\/\/hoteldabrowski.pl\/en\/wp-json\/wp\/v2\/users\/1"}],"replies":[{"embeddable":true,"href":"https:\/\/hoteldabrowski.pl\/en\/wp-json\/wp\/v2\/comments?post=545"}],"version-history":[{"count":8,"href":"https:\/\/hoteldabrowski.pl\/en\/wp-json\/wp\/v2\/pages\/545\/revisions"}],"predecessor-version":[{"id":838,"href":"https:\/\/hoteldabrowski.pl\/en\/wp-json\/wp\/v2\/pages\/545\/revisions\/838"}],"wp:attachment":[{"href":"https:\/\/hoteldabrowski.pl\/en\/wp-json\/wp\/v2\/media?parent=545"}],"curies":[{"name":"wp","href":"https:\/\/api.w.org\/{rel}","templated":true}]}}